{"id":1320,"date":"2024-10-31T14:34:01","date_gmt":"2024-10-31T12:34:01","guid":{"rendered":"https:\/\/islauzozuvis.lt\/?page_id=1320"},"modified":"2024-10-31T14:34:01","modified_gmt":"2024-10-31T12:34:01","slug":"atsiliepimai","status":"publish","type":"page","link":"https:\/\/islauzozuvis.lt\/en\/atsiliepimai\/","title":{"rendered":"Atsiliepimai"},"content":{"rendered":"<div id=\"fws_69f9aff82a538\"  data-column-margin=\"default\" data-midnight=\"dark\"  class=\"wpb_row vc_row-fluid vc_row\"  style=\"padding-top: 0px; padding-bottom: 0px; \"><div class=\"row-bg-wrap\" data-bg-animation=\"none\" data-bg-animation-delay=\"\" data-bg-overlay=\"false\"><div class=\"inner-wrap row-bg-layer\" ><div class=\"row-bg viewport-desktop\"  style=\"\"><\/div><\/div><\/div><div class=\"row_col_wrap_12 col span_12 dark left\">\n\t<div  class=\"vc_col-sm-12 wpb_column column_container vc_column_container col no-extra-padding inherit_tablet inherit_phone\"  data-padding-pos=\"all\" data-has-bg-color=\"false\" data-bg-color=\"\" data-bg-opacity=\"1\" data-animation=\"\" data-delay=\"0\" >\n\t\t<div class=\"vc_column-inner\" >\n\t\t\t<div class=\"wpb_wrapper\">\n\t\t\t\t\n<div class=\"wpb_text_column wpb_content_element\" >\n\t<p style=\"text-align: center;\">Mum svarbu u\u017etikrinti savo produkcijos kokyb\u0119, tod\u0117l lauksime pasi\u016blym\u0173, pastab\u0173 d\u0117l kokyb\u0117s, bei stengsim\u0117s i\u0161spr\u0119sti i\u0161kilusius nesklandumus.<\/p>\n<p style=\"text-align: center;\">Para\u0161ykite mums: <strong>kokybe@islauzozuvis.lt<\/strong><\/p>\n<p>\u00a0<\/p>\n<\/div>\n\n\n\n\n\t\t\t<\/div> \n\t\t<\/div>\n\t<\/div> \n<\/div><\/div>","protected":false},"excerpt":{"rendered":"Mum svarbu u\u017etikrinti savo produkcijos kokyb\u0119, tod\u0117l lauksime pasi\u016blym\u0173, pastab\u0173 d\u0117l kokyb\u0117s, bei stengsim\u0117s i\u0161spr\u0119sti i\u0161kilusius nesklandumus. Para\u0161ykite mums: kokybe@islauzozuvis.lt \u00a0","protected":false},"author":1,"featured_media":0,"parent":0,"menu_order":0,"comment_status":"closed","ping_status":"closed","template":"","meta":{"footnotes":""},"class_list":["post-1320","page","type-page","status-publish"],"_links":{"self":[{"href":"https:\/\/islauzozuvis.lt\/en\/wp-json\/wp\/v2\/pages\/1320","targetHints":{"allow":["GET"]}}],"collection":[{"href":"https:\/\/islauzozuvis.lt\/en\/wp-json\/wp\/v2\/pages"}],"about":[{"href":"https:\/\/islauzozuvis.lt\/en\/wp-json\/wp\/v2\/types\/page"}],"author":[{"embeddable":true,"href":"https:\/\/islauzozuvis.lt\/en\/wp-json\/wp\/v2\/users\/1"}],"replies":[{"embeddable":true,"href":"https:\/\/islauzozuvis.lt\/en\/wp-json\/wp\/v2\/comments?post=1320"}],"version-history":[{"count":0,"href":"https:\/\/islauzozuvis.lt\/en\/wp-json\/wp\/v2\/pages\/1320\/revisions"}],"wp:attachment":[{"href":"https:\/\/islauzozuvis.lt\/en\/wp-json\/wp\/v2\/media?parent=1320"}],"curies":[{"name":"wp","href":"https:\/\/api.w.org\/{rel}","templated":true}]}}