{"id":100,"date":"2021-02-14T15:39:20","date_gmt":"2021-02-14T13:39:20","guid":{"rendered":"https:\/\/islauzozuvis.lt\/?page_id=100"},"modified":"2021-02-14T15:39:20","modified_gmt":"2021-02-14T13:39:20","slug":"pramogine-zvejyba","status":"publish","type":"page","link":"https:\/\/islauzozuvis.lt\/en\/pramogine-zvejyba\/","title":{"rendered":"Pramogin\u0117 \u017evejyba"},"content":{"rendered":"<div id=\"fws_69edc88d9034d\"  data-column-margin=\"default\" data-midnight=\"light\"  class=\"wpb_row vc_row-fluid vc_row vc_row-o-full-height vc_row-o-columns-middle vc_row-o-equal-height vc_row-flex  right_padding_10px left_padding_10px\"  style=\"padding-top: 0px; padding-bottom: 0px; \"><div class=\"row-bg-wrap\" data-bg-animation=\"none\" data-bg-animation-delay=\"\" data-bg-overlay=\"true\"><div class=\"inner-wrap row-bg-layer\" ><div class=\"row-bg viewport-desktop using-bg-color\"  style=\"background-color: rgba(0,0,0,0.01); \"><\/div><\/div><div class=\"row-bg-overlay row-bg-layer\" style=\"background-color:rgba(0,0,0,0.01);  opacity: 0.3; \"><\/div><\/div><div class=\"row_col_wrap_12 col span_12 light left\">\n\t<div style=\"\" class=\"vc_col-sm-12 wpb_column column_container vc_column_container col centered-text no-extra-padding inherit_tablet inherit_phone\" data-using-bg=\"true\" data-padding-pos=\"all\" data-has-bg-color=\"true\" data-bg-color=\"rgba(191,163,127,0.01)\" data-bg-opacity=\"0.9\" data-hover-bg=\"rgba(191,163,127,0.01)\" data-hover-bg-opacity=\"1\" data-animation=\"\" data-delay=\"0\" >\n\t\t<div class=\"vc_column-inner\" ><div class=\"column-bg-overlay-wrap column-bg-layer\" data-bg-animation=\"none\"><div class=\"column-bg-overlay\" style=\"opacity: 0.9; background-color: rgba(191,163,127,0.01);\"><\/div><\/div>\n\t\t\t<div class=\"wpb_wrapper\">\n\t\t\t\t<div class=\"divider-wrap\" data-alignment=\"default\"><div style=\"height: 25px;\" class=\"divider\"><\/div><\/div>\n<div class=\"wpb_text_column wpb_content_element  vc_custom_1747995284359\" >\n\t<p class=\"p1\"><span style=\"color: #000000;\"><b>PRAMOGIN\u0116 \u017dVEJYBA \u0160EIMOMS \u201eT\u0116TIS, MAMA IR A\u0160\u201c<\/b><\/span><\/p>\n<p><span style=\"color: #993300;\">Iki susitikimo 2026 vasaros sezonu!\u00a0<\/span><\/p>\n<p class=\"p1\" style=\"text-align: left;\"><span style=\"color: #000000;\">Kvie\u010diame pasinerti \u012f nuostabi\u0105 \u017evejybos patirt\u012f m\u016bs\u0173 tvenkiniuose!<span class=\"Apple-converted-space\">\u00a0<\/span>Tai puiki proga t\u0117vams ar seneliams ir vaikams kartu i\u0161bandyti \u012ftraukian\u010di\u0105 \u017evejyb\u0105, pasim\u0117gauti grynu oru ir kurti nepamir\u0161tamus prisiminimus.<\/span><\/p>\n<p class=\"p1\" style=\"text-align: left;\"><span class=\"Apple-converted-space\" style=\"color: #000000;\">Vaikus d\u017eiugins lengvai kimbantys karosiukai ir karpiukai, o t\u0117veliai gal\u0117s pabandyti pagauti ir didesni\u0173 \u017euv\u0173!\u00a0<\/span><\/p>\n<p style=\"text-align: left;\"><span style=\"color: #000000;\">Turite klausim\u0173? Susiekite +370 6 878 6100<\/span><\/p>\n<p>&nbsp;<\/p>\n<p class=\"p1\" style=\"text-align: left;\"><span style=\"color: #000000;\"><b>PRAMOGIN\u0116S \u017dVEJYBOS TAISYKL\u0116S AB \u201eI\u0160LAU\u017dO \u017dUVIS\u201c tvenkiniuose<\/b><\/span><\/p>\n<p class=\"p1\" style=\"text-align: left;\"><span style=\"color: #000000;\"><b>1. Bendrosios nuostatos<br \/>\n<\/b>\u017dvejybos leidimas galioja tik su i\u0161duotu \u017evejybos bilietu, \u012fsigytu parduotuv\u0117je Dainavos g. 2a, I\u0161lau\u017ee, arba prie pramogin\u0117s \u017evejybos tvenkinio i\u0161 atsakingo asmens arba internetu (\u0161iuo metu galimyb\u0117s n\u0117ra), bei atsakingo darbuotojo ra\u0161ti\u0161ku ar \u017eodiniu leidimu. <b>\u017dvejyba leid\u017eiama tik atvykus su vaikais, pavieniams asmenims \u017evejyba neleid\u017eiama.<\/b><\/span><\/p>\n<p class=\"p1\" style=\"text-align: left;\"><span style=\"color: #000000;\"><b>2. \u017dvejybos kainos:<br \/>\n<\/b>Vaikams iki 5m. nemokama<\/span><br \/>\n<span style=\"color: #000000;\">Pusdienio bilietas (4 val.) 5-10m. vaikui &#8211; 10\u20ac<\/span><br \/>\n<span style=\"color: #000000;\">Pusdienio bilietas (4 val.) nuo 11m. &#8211; 20\u20ac<\/span><br \/>\n<span style=\"color: #000000;\">Visos dienos bilietas (9 val.) 5-10m. vaikui &#8211; 20\u20ac<\/span><br \/>\n<span style=\"color: #000000;\">Visos dienos bilietas (9 val.) nuo 11m. &#8211; 40\u20ac<\/span><\/p>\n<p class=\"p1\" style=\"text-align: left;\"><span style=\"color: #000000;\">Nepilname\u010dius lydintis asmuo moka piln\u0105 kain\u0105 ir gali naudoti 1 pl\u016bdin\u0119 me\u0161ker\u0119.<\/span><\/p>\n<p class=\"p1\" style=\"text-align: left;\"><span style=\"color: #000000;\"><strong>\u012e \u017evejybos bilieto kain\u0105 \u012fskai\u010diuota:<br \/>\n<\/strong>4 val. arba 9 val.. trukm\u0117s \u017evejybos laikas (priklausomai nuo \u017evejybos bilieto).<\/span><br \/>\n<span style=\"color: #000000;\">Galimyb\u0117 i\u0161sine\u0161ti \u017euvies u\u017e \u012fsigyto bilieto kain\u0105.<\/span><br \/>\n<span style=\"color: #000000;\">Trumpa edukacija apie pramogin\u0119 \u017evejyb\u0105<\/span><br \/>\n<span style=\"color: #000000;\">Galimyb\u0117 naudotis lauko pav\u0117sine, stalais ir suoliukais<\/span><br \/>\n<span style=\"color: #000000;\">20% nuolaida \u017euvies produkcijai AB \u201cI\u0161lau\u017eo \u017euvis\u201d firmin\u0117je parduotuv\u0117je<\/span><\/p>\n<p class=\"p1\" style=\"text-align: left;\"><span style=\"color: #000000;\"><b>3. \u017dvejybos laikas<br \/>\n<\/b>Leid\u017eiama \u017evejoti \u0161e\u0161tadieniais &#8211; sekmadieniais, pusdienio \u017evejyba\u00a0 9:00 &#8211; 13:00\u00a0 arba 14:00 &#8211; 18:00; Visos dienos \u017evejyba 9:00 &#8211; 18:00.<\/span><\/p>\n<p class=\"p1\" style=\"text-align: left;\"><span style=\"color: #000000;\"><b>4. \u017dvejybos priemon\u0117s<br \/>\n<\/b>\u017dvejoti leid\u017eiama tik pl\u016bdine me\u0161kere. Vienam \u017evejybos bilietui priklauso leidimas naudoti 1 \u017evejybos me\u0161ker\u0105. Norint naudoti daugiau me\u0161keri\u0173, galima \u012fsigyti kelis \u017evejybos bilietus. Draud\u017eiama naudoti kitas \u017evejybos priemones, tinklus, \u017eeberklus ar kitus \u017ealingus \u017euvims \u012frankius. \u017dvejoti leid\u017eiama tik naudojant nat\u016bralios kilm\u0117s masalus.<\/span><\/p>\n<p class=\"p1\" style=\"text-align: left;\"><span style=\"color: #000000;\"><b>5. \u017duvies laikymas<br \/>\n<\/b>Pagavus \u017euv\u012f, j\u0105 galima laikyti \u017evejybiniuose tinkleliuose, esan\u010diuose vandenyje.<\/span><\/p>\n<p class=\"p1\" style=\"text-align: left;\"><span style=\"color: #000000;\"><b>6. \u017duvies i\u0161sine\u0161imas<br \/>\n<\/b>Pagaut\u0105 \u017euv\u012f galima i\u0161ne\u0161ti tik leidus atsakingam darbuotojui ir pagal nurodytos \u017euvies i\u0161sine\u0161imui kiekius. \u012e \u017evejybos bilieto kain\u0105 \u012fskai\u010diuota \u017euvies i\u0161sine\u0161imas u\u017e bilieto kain\u0105 atitinkan\u010di\u0105 sum\u0105. Norint i\u0161ne\u0161ti daugiau \u017euvies, sumokama atitinkama suma, pagal \u017euvies kainas.<\/span><\/p>\n<p class=\"p1\" style=\"text-align: left;\"><span style=\"color: #000000;\">Karpiai 4\u20ac\/kg<\/span><br \/>\n<span style=\"color: #000000;\">Karosai 2\u20ac\/kg<\/span><br \/>\n<span style=\"color: #000000;\">E\u0161eriai 8\u20ac\/kg<\/span><br \/>\n<span style=\"color: #000000;\">Lydekos 8\u20ac\/kg<\/span><br \/>\n<span style=\"color: #000000;\">Europiniai \u0161amai 12\u20ac\/kg<\/span><br \/>\n<span style=\"color: #000000;\">Pla\u010diakak\u010diai 5\u20ac\/kg<\/span><br \/>\n<span style=\"color: #000000;\">Am\u016brai 10\u20ac\/kg<\/span><br \/>\n<span style=\"color: #000000;\">Lynai 10\u20ac\/kg<\/span><br \/>\n<span style=\"color: #000000;\">Starkiai 16\u20ac\/kg<\/span><\/p>\n<p class=\"p1\" style=\"text-align: left;\"><span style=\"color: #000000;\"><b>7. Bendra tvarka<\/b><\/span><br \/>\n<span style=\"color: #000000;\">Atvykus \u017evejoti, automobilis turi b\u016bti pastatytas \u012f tam skirt\u0105 automobili\u0173 stov\u0117jimo aik\u0161tel\u0119.<\/span><br \/>\n<span style=\"color: #000000;\">Nepagarbus elgesys su darbuotojais ar kitais sve\u010diais nebus toleruojamas.<\/span><br \/>\n<span style=\"color: #000000;\">Vykdant taisykli\u0173 pa\u017eeidimus, bus kvie\u010diami policijos pareig\u016bnai, o pa\u017eeid\u0117jui gali b\u016bti taikoma administracin\u0117 atsakomyb\u0117. Asmen\u0173 vagyst\u0117s ar grub\u016bs pa\u017eeidimai bus vie\u0161inami, \u012fmon\u0117je nei\u0161duodamas \u017evejybos leidimas.<\/span><br \/>\n<span style=\"color: #000000;\">Darbuotojai turi teis\u0119 tikrinti transporto priemones ir asmeninius daiktus, siekiant u\u017etikrinti taisykli\u0173 laikym\u0105si.<\/span><\/p>\n<p style=\"text-align: left;\"><span style=\"color: #000000;\"><b>U\u017e Savo ir nepilname\u010di\u0173 saugum\u0105 bei elges\u012f atsako patys \u017evejai ir nepilnamet\u012f lydintys asmenys.<br \/>\n<\/b><\/span><\/p>\n<p class=\"p1\" style=\"text-align: left;\"><span style=\"color: #000000;\"><b>8. Draud\u017eiama veikla<\/b><\/span><br \/>\n<span style=\"color: #000000;\">\u017dvejoti be teis\u0117to leidimo arba be leidimo i\u0161 atsakingo darbuotojo.<\/span><br \/>\n<span style=\"color: #000000;\">Negyvas, su\u017ealotas ar buvusias \u017evejybiniuose tinkleliuose \u017euvis leisti atgal \u012f tvenkin\u012f.<\/span><br \/>\n<span style=\"color: #000000;\">I\u0161ne\u0161ti draud\u017eiam\u0105 kiek\u012f ir draud\u017eiamos r\u016b\u0161ies \u017euvies, jei n\u0117ra gautas leidimas.<\/span><br \/>\n<span style=\"color: #000000;\">Naudoti draud\u017eiamas \u017evejybos priemones ir \u012frankius, \u017evejyb\u0105 i\u0161 valties.<\/span><br \/>\n<span style=\"color: #000000;\">\u017dvejybos leidim\u0105 perleisti kitam asmeniui ar pagaut\u0105 \u017euv\u012f perduoti kitam \u017evejui.<\/span><br \/>\n<span style=\"color: #000000;\">\u017dvejoti nepilname\u010diams be suaugusi\u0173j\u0173 prie\u017ei\u016bros.<\/span><br \/>\n<span style=\"color: #000000;\">Vartoti alkohol\u012f \u017evejybos vietoje.<\/span><br \/>\n<span style=\"color: #000000;\">Maudytis tvenkiniuose.<\/span><br \/>\n<span style=\"color: #000000;\">Draud\u017eiama ter\u0161ti gamt\u0105 \u2013 visos atliekos privalo b\u016bti surinktos ir i\u0161mestos \u012f \u0161iuk\u0161liad\u0117\u017ees arba i\u0161sive\u017etos.<\/span><\/p>\n<p class=\"p1\" style=\"text-align: left;\"><span style=\"color: #000000;\"><b>9. Sutikimas ir atsakomyb\u0117<br \/>\n<\/b>\u012esigydami \u017evejybos leidim\u0105, patvirtinate, kad susipa\u017einote su informacija ir sutinkate laikytis \u0161i\u0173 taisykli\u0173.<\/span><\/p>\n<p style=\"text-align: left;\"><span style=\"color: #000000;\"><strong>Papildomos \u012frangos \u012fsigyjimas ir nuoma:<\/strong><\/span><\/p>\n<p style=\"text-align: left;\"><span style=\"color: #000000;\">Norint nuomotis \u012frang\u0105, prie\u0161 atvykstant b\u016btina u\u017epildyti rezervacijos form\u0105 &#8211; <a style=\"color: #000000;\" href=\"https:\/\/forms.gle\/GtKHuTiS1owY5kTw7\" target=\"_blank\" rel=\"noopener\">REZERVACIJOS ANKETA \u010cIA<\/a> (su jumis i\u0161 anksto susieksime tuo atveju, jei nebetur\u0117sime kokios nors norimos \u012frangos)<\/span><\/p>\n<p style=\"text-align: left;\"><span style=\"font-weight: 400; color: #000000;\">Teleskopin\u0117s me\u0161ker\u0117s nuoma &#8211; 3\u20ac<br \/>\n<\/span><span style=\"font-weight: 400; color: #000000;\">Bambukin\u0117s me\u0161ker\u0117s nuoma (vaikams) &#8211; 2\u20ac<br \/>\n<\/span><span style=\"font-weight: 400; color: #000000;\">Me\u0161ker\u0117s su rite nuoma &#8211; 5\u20ac<br \/>\n<\/span><span style=\"font-weight: 400; color: #000000;\">Tinklelio \u017euvies laikymui nuoma &#8211; 2\u20ac<br \/>\n<\/span><span style=\"font-weight: 400; color: #000000;\">Graib\u0161to \u017euvims nuoma &#8211; 2\u20ac<br \/>\n<\/span><span style=\"font-weight: 400; color: #000000;\">Papildomas \u017evejybos rinkinys (pl\u016bd\u0117, pl\u016bd\u0117s fiksatorius, valas, svarelis, kabliukas) &#8211; 3\u20ac<br \/>\n<\/span><span style=\"font-weight: 400; color: #000000;\">Ma\u017eos \u017evejo k\u0117dut\u0117s (vaikams) nuoma &#8211; 2\u20ac<br \/>\n<\/span><span style=\"font-weight: 400; color: #000000;\">\u017dvejo k\u0117dut\u0117s nuoma &#8211; 3\u20ac<br \/>\n<\/span><span style=\"font-weight: 400; color: #000000;\">Mai\u0161ai \u017euvies i\u0161sine\u0161imui &#8211; 2\u20ac\/1vnt<\/span><\/p>\n<p style=\"text-align: left;\"><span style=\"color: #000000;\"><strong>Sugadinus arba negr\u0105\u017einus nuomotos \u012frangos, privaloma sumok\u0117ti suteiktos \u012frangos kain\u0105:<\/strong><\/span><\/p>\n<p style=\"text-align: left;\"><span style=\"font-weight: 400; color: #000000;\">Teleskopin\u0117 me\u0161ker\u0117 &#8211; 15\u20ac<br \/>\n<\/span><span style=\"font-weight: 400; color: #000000;\">Bambukin\u0117 me\u0161ker\u0117 (vaikams) &#8211; 10\u20ac<br \/>\n<\/span><span style=\"font-weight: 400; color: #000000;\">Me\u0161ker\u0117 su rite &#8211; 50\u20ac<br \/>\n<\/span><span style=\"font-weight: 400; color: #000000;\">Tinklelis \u017euvies laikymui &#8211; 10\u20ac<br \/>\n<\/span><span style=\"color: #000000;\">Graib\u0161tas \u017euvims &#8211; 30\u20ac<br \/>\n<\/span><span style=\"font-weight: 400; color: #000000;\">Ma\u017ea \u017evejo k\u0117dut\u0117 (vaikams) &#8211; 10\u20ac<br \/>\n<\/span><span style=\"font-weight: 400; color: #000000;\">\u017dvejo k\u0117dut\u0117 &#8211; 25\u20ac<\/span><\/p>\n<p style=\"text-align: left;\">\n<\/div>\n\n\n\n\n\t\t\t<\/div> \n\t\t<\/div>\n\t<\/div> \n<\/div><\/div>","protected":false},"excerpt":{"rendered":"PRAMOGIN\u0116 \u017dVEJYBA \u0160EIMOMS \u201eT\u0116TIS, MAMA IR A\u0160\u201c Iki susitikimo 2026 vasaros sezonu!\u00a0 Kvie\u010diame pasinerti \u012f nuostabi\u0105 \u017evejybos patirt\u012f m\u016bs\u0173 tvenkiniuose!\u00a0Tai puiki proga t\u0117vams ar seneliams ir vaikams kartu i\u0161bandyti \u012ftraukian\u010di\u0105...","protected":false},"author":1,"featured_media":0,"parent":0,"menu_order":0,"comment_status":"closed","ping_status":"closed","template":"","meta":{"footnotes":""},"class_list":["post-100","page","type-page","status-publish"],"_links":{"self":[{"href":"https:\/\/islauzozuvis.lt\/en\/wp-json\/wp\/v2\/pages\/100","targetHints":{"allow":["GET"]}}],"collection":[{"href":"https:\/\/islauzozuvis.lt\/en\/wp-json\/wp\/v2\/pages"}],"about":[{"href":"https:\/\/islauzozuvis.lt\/en\/wp-json\/wp\/v2\/types\/page"}],"author":[{"embeddable":true,"href":"https:\/\/islauzozuvis.lt\/en\/wp-json\/wp\/v2\/users\/1"}],"replies":[{"embeddable":true,"href":"https:\/\/islauzozuvis.lt\/en\/wp-json\/wp\/v2\/comments?post=100"}],"version-history":[{"count":0,"href":"https:\/\/islauzozuvis.lt\/en\/wp-json\/wp\/v2\/pages\/100\/revisions"}],"wp:attachment":[{"href":"https:\/\/islauzozuvis.lt\/en\/wp-json\/wp\/v2\/media?parent=100"}],"curies":[{"name":"wp","href":"https:\/\/api.w.org\/{rel}","templated":true}]}}